{"id":71,"date":"2019-05-30T12:56:34","date_gmt":"2019-05-30T10:56:34","guid":{"rendered":"https:\/\/dajcalarasi.ro\/?page_id=71"},"modified":"2021-04-15T15:02:00","modified_gmt":"2021-04-15T13:02:00","slug":"situatii-financiare","status":"publish","type":"page","link":"https:\/\/dajcalarasi.ro\/?page_id=71","title":{"rendered":"Situa\u021bii financiare"},"content":{"rendered":"\n<figure class=\"wp-block-embed is-type-wp-embed is-provider-direc\u021bia-pentru-agricultura-jud-calara\u0219i wp-block-embed-direc\u021bia-pentru-agricultura-jud-calara\u0219i\"><div class=\"wp-block-embed__wrapper\">\n<blockquote class=\"wp-embedded-content\" data-secret=\"ez8aPju2Pl\"><a href=\"https:\/\/dajcalarasi.ro\/?page_id=456\">Buget<\/a><\/blockquote><iframe loading=\"lazy\" class=\"wp-embedded-content\" sandbox=\"allow-scripts\" security=\"restricted\" style=\"position: absolute; clip: rect(1px, 1px, 1px, 1px);\" title=\"&#8222;Buget&#8221; &#8212; Direc\u021bia pentru Agricultur\u0103 Jud. C\u0103l\u0103ra\u0219i\" src=\"https:\/\/dajcalarasi.ro\/?page_id=456&#038;embed=true#?secret=EdmzfJbSow#?secret=ez8aPju2Pl\" data-secret=\"ez8aPju2Pl\" width=\"500\" height=\"282\" frameborder=\"0\" marginwidth=\"0\" marginheight=\"0\" scrolling=\"no\"><\/iframe>\n<\/div><\/figure>\n\n\n\n<figure class=\"wp-block-embed is-type-wp-embed is-provider-direc\u021bia-pentru-agricultura-jud-calara\u0219i wp-block-embed-direc\u021bia-pentru-agricultura-jud-calara\u0219i\"><div class=\"wp-block-embed__wrapper\">\n<blockquote class=\"wp-embedded-content\" data-secret=\"P3YtImZhEi\"><a href=\"https:\/\/dajcalarasi.ro\/?page_id=460\">Stat salarii<\/a><\/blockquote><iframe loading=\"lazy\" class=\"wp-embedded-content\" sandbox=\"allow-scripts\" security=\"restricted\" style=\"position: absolute; clip: rect(1px, 1px, 1px, 1px);\" title=\"&#8222;Stat salarii&#8221; &#8212; Direc\u021bia pentru Agricultur\u0103 Jud. C\u0103l\u0103ra\u0219i\" src=\"https:\/\/dajcalarasi.ro\/?page_id=460&#038;embed=true#?secret=uLmoknFtQR#?secret=P3YtImZhEi\" data-secret=\"P3YtImZhEi\" width=\"500\" height=\"282\" frameborder=\"0\" marginwidth=\"0\" marginheight=\"0\" scrolling=\"no\"><\/iframe>\n<\/div><\/figure>\n\n\n\n<figure class=\"wp-block-embed is-type-wp-embed is-provider-direc\u021bia-pentru-agricultura-jud-calara\u0219i wp-block-embed-direc\u021bia-pentru-agricultura-jud-calara\u0219i\"><div class=\"wp-block-embed__wrapper\">\n<blockquote class=\"wp-embedded-content\" data-secret=\"cbU6babm7g\"><a href=\"https:\/\/dajcalarasi.ro\/?page_id=458\">Cont de execu\u021bie<\/a><\/blockquote><iframe loading=\"lazy\" class=\"wp-embedded-content\" sandbox=\"allow-scripts\" security=\"restricted\" style=\"position: absolute; clip: rect(1px, 1px, 1px, 1px);\" title=\"&#8222;Cont de execu\u021bie&#8221; &#8212; Direc\u021bia pentru Agricultur\u0103 Jud. C\u0103l\u0103ra\u0219i\" src=\"https:\/\/dajcalarasi.ro\/?page_id=458&#038;embed=true#?secret=LKSwwSLXKf#?secret=cbU6babm7g\" data-secret=\"cbU6babm7g\" width=\"500\" height=\"282\" frameborder=\"0\" marginwidth=\"0\" marginheight=\"0\" scrolling=\"no\"><\/iframe>\n<\/div><\/figure>\n","protected":false},"excerpt":{"rendered":"","protected":false},"author":1,"featured_media":0,"parent":0,"menu_order":0,"comment_status":"closed","ping_status":"closed","template":"template-parts\/page-template-full-width.php","meta":{"footnotes":""},"class_list":["post-71","page","type-page","status-publish","hentry"],"_links":{"self":[{"href":"https:\/\/dajcalarasi.ro\/index.php?rest_route=\/wp\/v2\/pages\/71","targetHints":{"allow":["GET"]}}],"collection":[{"href":"https:\/\/dajcalarasi.ro\/index.php?rest_route=\/wp\/v2\/pages"}],"about":[{"href":"https:\/\/dajcalarasi.ro\/index.php?rest_route=\/wp\/v2\/types\/page"}],"author":[{"embeddable":true,"href":"https:\/\/dajcalarasi.ro\/index.php?rest_route=\/wp\/v2\/users\/1"}],"replies":[{"embeddable":true,"href":"https:\/\/dajcalarasi.ro\/index.php?rest_route=%2Fwp%2Fv2%2Fcomments&post=71"}],"version-history":[{"count":6,"href":"https:\/\/dajcalarasi.ro\/index.php?rest_route=\/wp\/v2\/pages\/71\/revisions"}],"predecessor-version":[{"id":466,"href":"https:\/\/dajcalarasi.ro\/index.php?rest_route=\/wp\/v2\/pages\/71\/revisions\/466"}],"wp:attachment":[{"href":"https:\/\/dajcalarasi.ro\/index.php?rest_route=%2Fwp%2Fv2%2Fmedia&parent=71"}],"curies":[{"name":"wp","href":"https:\/\/api.w.org\/{rel}","templated":true}]}}