{"id":484,"date":"2021-04-20T13:31:55","date_gmt":"2021-04-20T11:31:55","guid":{"rendered":"https:\/\/dajcalarasi.ro\/?page_id=484"},"modified":"2026-04-28T10:22:50","modified_gmt":"2026-04-28T08:22:50","slug":"comunicate-2","status":"publish","type":"page","link":"https:\/\/dajcalarasi.ro\/?page_id=484","title":{"rendered":"Anun\u021buri"},"content":{"rendered":"\n<p><strong>Lista potentialilor beneficiari ai Programului de sustinere a productiei de legume cultivate in spatii protejate ptr anul 2026, conform HG.325\/2025<\/strong><\/p>\n\n\n\n<div class=\"wp-block-file\"><a id=\"wp-block-file--media-73ecabd7-f02c-49cd-a623-e2e821987dbb\" href=\"https:\/\/dajcalarasi.ro\/wp-content\/uploads\/2026\/04\/Lista-potentialilor-beneficiari-ai-Programului-de-sustinere-a-productiei-de-legume-cultivate-in-spatii-protejate-ptr-anul-2026-conform-HG.3252025.pdf\">Lista potentialilor beneficiari ai Programului de sustinere a productiei de legume cultivate in spatii protejate ptr anul 2026, conform HG.3252025<\/a><a href=\"https:\/\/dajcalarasi.ro\/wp-content\/uploads\/2026\/04\/Lista-potentialilor-beneficiari-ai-Programului-de-sustinere-a-productiei-de-legume-cultivate-in-spatii-protejate-ptr-anul-2026-conform-HG.3252025.pdf\" class=\"wp-block-file__button wp-element-button\" download aria-describedby=\"wp-block-file--media-73ecabd7-f02c-49cd-a623-e2e821987dbb\">Descarc\u0103<\/a><\/div>\n\n\n\n<hr class=\"wp-block-separator has-alpha-channel-opacity\"\/>\n\n\n\n<p><strong>Lista posibililor beneficiari ai programului de sustinere a productiei de legume in spatii protejate pentru anul 2026, conform HG 325\/2025<\/strong><\/p>\n\n\n\n<div class=\"wp-block-file\"><a id=\"wp-block-file--media-717c13e5-76c2-4700-8269-fa512fb51bc9\" href=\"https:\/\/dajcalarasi.ro\/wp-content\/uploads\/2026\/04\/lista-beneficiari.pdf\">lista beneficiari<\/a><a href=\"https:\/\/dajcalarasi.ro\/wp-content\/uploads\/2026\/04\/lista-beneficiari.pdf\" class=\"wp-block-file__button wp-element-button\" download aria-describedby=\"wp-block-file--media-717c13e5-76c2-4700-8269-fa512fb51bc9\">Descarc\u0103<\/a><\/div>\n\n\n\n<hr class=\"wp-block-separator has-alpha-channel-opacity\"\/>\n\n\n\n<div data-wp-interactive=\"core\/file\" class=\"wp-block-file\"><object data-wp-bind--hidden=\"!state.hasPdfPreview\" hidden class=\"wp-block-file__embed\" data=\"https:\/\/dajcalarasi.ro\/wp-content\/uploads\/2024\/10\/In-atentia-UAT-urilor-si-Producatorilor-Agricoli.pdf\" type=\"application\/pdf\" style=\"width:100%;height:600px\" aria-label=\"\u00cenglobare pentru In atentia UAT-urilor si Producatorilor Agricoli.\"><\/object><a id=\"wp-block-file--media-ae5ab88d-02fc-403b-a57b-4a155a422df8\" href=\"https:\/\/dajcalarasi.ro\/wp-content\/uploads\/2024\/10\/In-atentia-UAT-urilor-si-Producatorilor-Agricoli.pdf\">In atentia UAT-urilor si Producatorilor Agricoli<\/a><a href=\"https:\/\/dajcalarasi.ro\/wp-content\/uploads\/2024\/10\/In-atentia-UAT-urilor-si-Producatorilor-Agricoli.pdf\" class=\"wp-block-file__button wp-element-button\" download aria-describedby=\"wp-block-file--media-ae5ab88d-02fc-403b-a57b-4a155a422df8\">Descarc\u0103<\/a><\/div>\n\n\n\n<div class=\"wp-block-file\"><a id=\"wp-block-file--media-40b168dd-5880-4942-93f9-400b2d0d57c7\" href=\"https:\/\/dajcalarasi.ro\/wp-content\/uploads\/2024\/10\/Anunt-site-vineri-18-oct-2024-1.pdf\">Anunt-site-vineri-18-oct-2024<\/a><a href=\"https:\/\/dajcalarasi.ro\/wp-content\/uploads\/2024\/10\/Anunt-site-vineri-18-oct-2024-1.pdf\" class=\"wp-block-file__button wp-element-button\" download aria-describedby=\"wp-block-file--media-40b168dd-5880-4942-93f9-400b2d0d57c7\">Descarc\u0103<\/a><\/div>\n\n\n\n<div class=\"wp-block-file\"><a id=\"wp-block-file--media-853667c7-8e73-4d6c-9425-2b3b84a48761\" href=\"https:\/\/dajcalarasi.ro\/wp-content\/uploads\/2024\/10\/CERERE-CALAMITATI.docx\">CERERE CALAMITATI<\/a><a href=\"https:\/\/dajcalarasi.ro\/wp-content\/uploads\/2024\/10\/CERERE-CALAMITATI.docx\" class=\"wp-block-file__button wp-element-button\" download aria-describedby=\"wp-block-file--media-853667c7-8e73-4d6c-9425-2b3b84a48761\">Descarc\u0103<\/a><\/div>\n\n\n\n<div class=\"wp-block-file\"><a id=\"wp-block-file--media-9b93bd89-4aba-4957-8ee3-b480478cbae6\" href=\"https:\/\/dajcalarasi.ro\/wp-content\/uploads\/2023\/09\/transparenta-venit.DAJ-Cl.pdf\">transparenta-venit.DAJ-Cl<\/a><a href=\"https:\/\/dajcalarasi.ro\/wp-content\/uploads\/2023\/09\/transparenta-venit.DAJ-Cl.pdf\" class=\"wp-block-file__button wp-element-button\" download aria-describedby=\"wp-block-file--media-9b93bd89-4aba-4957-8ee3-b480478cbae6\">Descarc\u0103<\/a><\/div>\n\n\n\n<div class=\"wp-block-file\"><a id=\"wp-block-file--media-f7844d7d-98e4-4e12-a810-6b245a9edb73\" href=\"https:\/\/dajcalarasi.ro\/wp-content\/uploads\/2022\/08\/Ghid-de-bune-practici-agricole.pdf\">Ghid-de-bune-practici-agricole<\/a><a href=\"https:\/\/dajcalarasi.ro\/wp-content\/uploads\/2022\/08\/Ghid-de-bune-practici-agricole.pdf\" class=\"wp-block-file__button wp-element-button\" download aria-describedby=\"wp-block-file--media-f7844d7d-98e4-4e12-a810-6b245a9edb73\">Descarc\u0103<\/a><\/div>\n\n\n\n<div class=\"wp-block-file\"><a id=\"wp-block-file--media-77f1a8bf-05cc-4de2-901f-a4a7cd3c3f44\" href=\"https:\/\/dajcalarasi.ro\/wp-content\/uploads\/2021\/11\/INFORMARE-Planul-National-Strategic.pdf\">INFORMARE-Planul-National-Strategic<\/a><a href=\"https:\/\/dajcalarasi.ro\/wp-content\/uploads\/2021\/11\/INFORMARE-Planul-National-Strategic.pdf\" class=\"wp-block-file__button wp-element-button\" download aria-describedby=\"wp-block-file--media-77f1a8bf-05cc-4de2-901f-a4a7cd3c3f44\">Descarc\u0103<\/a><\/div>\n\n\n\n<div class=\"wp-block-file\"><a id=\"wp-block-file--media-22c84347-6da7-49ba-aa77-5c5984b6f82e\" href=\"https:\/\/dajcalarasi.ro\/wp-content\/uploads\/2021\/11\/AA-Material-informativ-Preventia-peste-40-de-ani.pdf\">AA-Material-informativ-Preventia-peste-40-de-ani<\/a><a href=\"https:\/\/dajcalarasi.ro\/wp-content\/uploads\/2021\/11\/AA-Material-informativ-Preventia-peste-40-de-ani.pdf\" class=\"wp-block-file__button wp-element-button\" download aria-describedby=\"wp-block-file--media-22c84347-6da7-49ba-aa77-5c5984b6f82e\">Descarc\u0103<\/a><\/div>\n\n\n\n<div class=\"wp-block-file\"><a id=\"wp-block-file--media-f0fb74d4-6d25-40fc-971c-6d2835f7fd9b\" href=\"https:\/\/dajcalarasi.ro\/wp-content\/uploads\/2021\/11\/Afis-Informativ-preventie.pdf\">Afis-Informativ-preventie<\/a><a href=\"https:\/\/dajcalarasi.ro\/wp-content\/uploads\/2021\/11\/Afis-Informativ-preventie.pdf\" class=\"wp-block-file__button wp-element-button\" download aria-describedby=\"wp-block-file--media-f0fb74d4-6d25-40fc-971c-6d2835f7fd9b\">Descarc\u0103<\/a><\/div>\n\n\n\n<div class=\"wp-block-file\"><a id=\"wp-block-file--media-7031c489-35de-4c51-87b7-a10390155420\" href=\"https:\/\/dajcalarasi.ro\/wp-content\/uploads\/2021\/04\/Rezultate-selectie-dosare-1.pdf\">Rezultate-selectie-dosare-1<\/a><a href=\"https:\/\/dajcalarasi.ro\/wp-content\/uploads\/2021\/04\/Rezultate-selectie-dosare-1.pdf\" class=\"wp-block-file__button wp-element-button\" download aria-describedby=\"wp-block-file--media-7031c489-35de-4c51-87b7-a10390155420\">Descarc\u0103<\/a><\/div>\n\n\n\n<div class=\"wp-block-file\"><a id=\"wp-block-file--media-abea2580-3c97-4a8f-abcd-934cca89a799\" href=\"https:\/\/dajcalarasi.ro\/wp-content\/uploads\/2021\/04\/Afis-RGA-runda-2020-A3-BT.pdf\">Afis-RGA-runda-2020-A3-BT<\/a><a href=\"https:\/\/dajcalarasi.ro\/wp-content\/uploads\/2021\/04\/Afis-RGA-runda-2020-A3-BT.pdf\" class=\"wp-block-file__button wp-element-button\" download aria-describedby=\"wp-block-file--media-abea2580-3c97-4a8f-abcd-934cca89a799\">Descarc\u0103<\/a><\/div>\n\n\n\n<div class=\"wp-block-file\"><a id=\"wp-block-file--media-bbaacda0-c902-48a2-a176-66b8c6572508\" href=\"https:\/\/dajcalarasi.ro\/wp-content\/uploads\/2021\/04\/pliant-RGA-runda2020-BT.pdf\">pliant-RGA-runda2020-BT<\/a><a href=\"https:\/\/dajcalarasi.ro\/wp-content\/uploads\/2021\/04\/pliant-RGA-runda2020-BT.pdf\" class=\"wp-block-file__button wp-element-button\" download aria-describedby=\"wp-block-file--media-bbaacda0-c902-48a2-a176-66b8c6572508\">Descarc\u0103<\/a><\/div>\n\n\n\n<div class=\"wp-block-file\"><a id=\"wp-block-file--media-3bf3e5ee-a7f1-4a02-aace-eb73b662c22a\" href=\"https:\/\/dajcalarasi.ro\/wp-content\/uploads\/2020\/03\/Ordin-7971R16.03.2020-privind-aprobarea-Regulamentului-privind-prevenirea-\u0219i-limitarea-la-nivelul-MADR-\u0219i-al-unit\u0103\u021bilor-subordonate-acestuia-a-efectelor-epidemiei-determinate-de-infectarea-cu-coron.pdf\">Ordin nr.7971R\/16.03.2020 privind aprobarea Regulamentului privind prevenirea \u0219i limitarea la nivelul MADR \u0219i al unit\u0103\u021bilors ubordonate acestuia a efectelor epidemiei determinate de infectarea cu COVID19<\/a><a href=\"https:\/\/dajcalarasi.ro\/wp-content\/uploads\/2020\/03\/Ordin-7971R16.03.2020-privind-aprobarea-Regulamentului-privind-prevenirea-\u0219i-limitarea-la-nivelul-MADR-\u0219i-al-unit\u0103\u021bilor-subordonate-acestuia-a-efectelor-epidemiei-determinate-de-infectarea-cu-coron.pdf\" class=\"wp-block-file__button wp-element-button\" download aria-describedby=\"wp-block-file--media-3bf3e5ee-a7f1-4a02-aace-eb73b662c22a\">Descarc\u0103<\/a><\/div>\n\n\n\n<div class=\"wp-block-file\"><a id=\"wp-block-file--media-36fa90e1-ef3c-4ba7-a317-bd04c60b7df0\" href=\"https:\/\/dajcalarasi.ro\/wp-content\/uploads\/2020\/03\/Procedura-de-lucru-pe-durata-restric\u021biilor-cauzate-de-evolu\u021bia-infec\u021biei-cu-coronavirus-SARS-COV-2-COVID19.pdf\">Procedurade lucru pe durata restric\u021biilor cauzate de evolu\u021bia infec\u021biei cu coronavirus SARS &#8211; COV 2 (COVID19)<\/a><a href=\"https:\/\/dajcalarasi.ro\/wp-content\/uploads\/2020\/03\/Procedura-de-lucru-pe-durata-restric\u021biilor-cauzate-de-evolu\u021bia-infec\u021biei-cu-coronavirus-SARS-COV-2-COVID19.pdf\" class=\"wp-block-file__button wp-element-button\" download aria-describedby=\"wp-block-file--media-36fa90e1-ef3c-4ba7-a317-bd04c60b7df0\">Descarc\u0103<\/a><\/div>\n\n\n\n<div class=\"wp-block-file\"><a id=\"wp-block-file--media-28551192-5c8d-4dd2-a9f2-5fd21c75df03\" href=\"https:\/\/dajcalarasi.ro\/wp-content\/uploads\/2019\/12\/detalii-procedura.NATO_-1.pdf\">1 Detalii procedura NATO<\/a><a href=\"https:\/\/dajcalarasi.ro\/wp-content\/uploads\/2019\/12\/detalii-procedura.NATO_-1.pdf\" class=\"wp-block-file__button wp-element-button\" download aria-describedby=\"wp-block-file--media-28551192-5c8d-4dd2-a9f2-5fd21c75df03\">Descarc\u0103<\/a><\/div>\n\n\n\n<div class=\"wp-block-file\"><a id=\"wp-block-file--media-c3045430-ff1b-4d63-85e1-0f7c4895876a\" href=\"https:\/\/dajcalarasi.ro\/wp-content\/uploads\/2019\/12\/pag.2.detalii-proced.NATO_.pdf\">2 Detalii procedura NATO<\/a><a href=\"https:\/\/dajcalarasi.ro\/wp-content\/uploads\/2019\/12\/pag.2.detalii-proced.NATO_.pdf\" class=\"wp-block-file__button wp-element-button\" download aria-describedby=\"wp-block-file--media-c3045430-ff1b-4d63-85e1-0f7c4895876a\">Descarc\u0103<\/a><\/div>\n\n\n\n<div class=\"wp-block-file\"><a id=\"wp-block-file--media-bd749931-977f-4640-9978-f75e70576557\" href=\"https:\/\/dajcalarasi.ro\/wp-content\/uploads\/2019\/12\/ANUNT-SITE.pdf\">Mesaj de interes pentru Agentii Economici din domeniul Industrie Alimentara penteu obtinerea codului N.A.T.O (NCAGE) 13.12.2019<\/a><a href=\"https:\/\/dajcalarasi.ro\/wp-content\/uploads\/2019\/12\/ANUNT-SITE.pdf\" class=\"wp-block-file__button wp-element-button\" download aria-describedby=\"wp-block-file--media-bd749931-977f-4640-9978-f75e70576557\">Descarc\u0103<\/a><\/div>\n\n\n\n<div class=\"wp-block-file\"><a id=\"wp-block-file--media-38b545dd-8493-402f-b224-7c46948e6647\" href=\"https:\/\/dajcalarasi.ro\/wp-content\/uploads\/2019\/10\/INVITATIE-10-OCT-2019-.pdf\">INVITATIE ZIUA NA\u021aIONAL\u0102 A PRODUSELOR AGROALIMENTARE ROM\u00c2NE\u0218TI -10-OCT-2019-<\/a><a href=\"https:\/\/dajcalarasi.ro\/wp-content\/uploads\/2019\/10\/INVITATIE-10-OCT-2019-.pdf\" class=\"wp-block-file__button wp-element-button\" download aria-describedby=\"wp-block-file--media-38b545dd-8493-402f-b224-7c46948e6647\">Descarc\u0103<\/a><\/div>\n\n\n\n<p><a href=\"https:\/\/dajcalarasi.ro\/wp-content\/uploads\/2019\/06\/Programul-pentru-stimularea-angajarii-tinerilor-.docx\">Programul pentru stimularea angajarii tinerilor<\/a> <\/p>\n\n\n\n<div class=\"wp-block-file\"><a href=\"https:\/\/dajcalarasi.ro\/wp-content\/uploads\/2019\/10\/anexa-I-cerere-1.docx\"> <strong><a rel=\"noreferrer noopener\" href=\"http:\/\/xn--pentru%20ajutor%20de%20minimis%20n%20sectorul%20apicol-27e\/\" target=\"_blank\">Anexa I \u2013 Cerere pentru ajutor de minimis \u00een sectorul apicol<\/a><\/strong> <\/a><a href=\"https:\/\/dajcalarasi.ro\/wp-content\/uploads\/2019\/10\/anexa-I-cerere-1.docx\" class=\"wp-block-file__button\" download>Descarc\u0103<\/a><\/div>\n\n\n\n<div class=\"wp-block-file\"><a id=\"wp-block-file--media-9b100665-33fe-4508-bc2e-0e84c2451491\" href=\"https:\/\/dajcalarasi.ro\/wp-content\/uploads\/2019\/10\/Ajutor-minimis-.docx\">Comunicat de pres\u0103 &#8211; \u00cen Monitorul Oficial nr. 774 din 24 septembrie 2019, a fost publicat\u0103 Hot\u0103r\u00e2rea Guvernului nr. 705\/2019 privind aprobarea schemei \u201eAjutor de minimis pentru compensarea efectelor fenomenelor hidrometeorologice nefavorabile manifestate \u00een perioada martie \u2013 mai 2019 asupra sectorului apicol <\/a><a href=\"https:\/\/dajcalarasi.ro\/wp-content\/uploads\/2019\/10\/Ajutor-minimis-.docx\" class=\"wp-block-file__button wp-element-button\" download aria-describedby=\"wp-block-file--media-9b100665-33fe-4508-bc2e-0e84c2451491\">Descarc\u0103<\/a><\/div>\n\n\n\n<div class=\"wp-block-file\"><a id=\"wp-block-file--media-f92286d2-38c7-4e99-994a-611db8d1bac1\" href=\"https:\/\/dajcalarasi.ro\/wp-content\/uploads\/2019\/05\/anunturi-invitatie-expozitiwe20190503.pdf\">03.05.2019 Invita\u021bie expozi\u021bie<br> <\/a><a href=\"https:\/\/dajcalarasi.ro\/wp-content\/uploads\/2019\/05\/anunturi-invitatie-expozitiwe20190503.pdf\" class=\"wp-block-file__button wp-element-button\" download aria-describedby=\"wp-block-file--media-f92286d2-38c7-4e99-994a-611db8d1bac1\">Descarc\u0103<\/a><\/div>\n\n\n\n<div class=\"wp-block-file\"><a id=\"wp-block-file--media-308de1d3-dfc2-4ded-928b-974135863a43\" href=\"https:\/\/dajcalarasi.ro\/wp-content\/uploads\/2019\/05\/anunturi-20180502.pdf\">02.05.2018 Adresa operatori agricultur\u0103 ecologic\u0103<\/a><a href=\"https:\/\/dajcalarasi.ro\/wp-content\/uploads\/2019\/05\/anunturi-20180502.pdf\" class=\"wp-block-file__button wp-element-button\" download aria-describedby=\"wp-block-file--media-308de1d3-dfc2-4ded-928b-974135863a43\">Descarc\u0103<\/a><\/div>\n\n\n\n<p><a href=\"https:\/\/dajcalarasi.ro\/wp-content\/uploads\/2019\/05\/anunturi-20180312.jpeg\" target=\"_blank\" rel=\"noreferrer noopener\" aria-label=\"12.03.2018 Anun\u021b plante medicinale \u0219i tutun (se deschide \u00eentr-o fil\u0103 nou\u0103)\">12.03.2018 Anun\u021b plante medicinale \u0219i tutun<\/a><\/p>\n","protected":false},"excerpt":{"rendered":"<p>Lista potentialilor beneficiari ai Programului de sustinere a productiei de legume cultivate in spatii protejate ptr anul 2026, conform HG.325\/2025 Lista posibililor beneficiari ai programului de sustinere a productiei de legume in spatii protejate pentru anul 2026, conform HG 325\/2025 Programul pentru stimularea angajarii tinerilor 12.03.2018 Anun\u021b plante medicinale \u0219i tutun<\/p>\n","protected":false},"author":1,"featured_media":0,"parent":92,"menu_order":10,"comment_status":"closed","ping_status":"closed","template":"template-parts\/page-template-full-width.php","meta":{"footnotes":""},"class_list":["post-484","page","type-page","status-publish","hentry"],"_links":{"self":[{"href":"https:\/\/dajcalarasi.ro\/index.php?rest_route=\/wp\/v2\/pages\/484","targetHints":{"allow":["GET"]}}],"collection":[{"href":"https:\/\/dajcalarasi.ro\/index.php?rest_route=\/wp\/v2\/pages"}],"about":[{"href":"https:\/\/dajcalarasi.ro\/index.php?rest_route=\/wp\/v2\/types\/page"}],"author":[{"embeddable":true,"href":"https:\/\/dajcalarasi.ro\/index.php?rest_route=\/wp\/v2\/users\/1"}],"replies":[{"embeddable":true,"href":"https:\/\/dajcalarasi.ro\/index.php?rest_route=%2Fwp%2Fv2%2Fcomments&post=484"}],"version-history":[{"count":24,"href":"https:\/\/dajcalarasi.ro\/index.php?rest_route=\/wp\/v2\/pages\/484\/revisions"}],"predecessor-version":[{"id":1174,"href":"https:\/\/dajcalarasi.ro\/index.php?rest_route=\/wp\/v2\/pages\/484\/revisions\/1174"}],"up":[{"embeddable":true,"href":"https:\/\/dajcalarasi.ro\/index.php?rest_route=\/wp\/v2\/pages\/92"}],"wp:attachment":[{"href":"https:\/\/dajcalarasi.ro\/index.php?rest_route=%2Fwp%2Fv2%2Fmedia&parent=484"}],"curies":[{"name":"wp","href":"https:\/\/api.w.org\/{rel}","templated":true}]}}