{"id":412,"date":"2021-04-15T14:14:21","date_gmt":"2021-04-15T12:14:21","guid":{"rendered":"https:\/\/dajcalarasi.ro\/?page_id=412"},"modified":"2021-04-15T14:22:29","modified_gmt":"2021-04-15T12:22:29","slug":"recensamantul-general-agricol-2020","status":"publish","type":"page","link":"https:\/\/dajcalarasi.ro\/?page_id=412","title":{"rendered":"Recens\u0103m\u00e2ntul General Agricol 2020"},"content":{"rendered":"\n<p><span class=\"has-inline-color has-vivid-cyan-blue-color\"><strong><a href=\"https:\/\/dajcalarasi.ro\/wp-content\/uploads\/2021\/04\/Ordonanta-de-urgenta-a-Guvernului-nr-22-din-2020.pdf\">Ordonan\u021ba de Urgen\u021b\u0103 a Guvernului nr.22\/2020 privind recens\u0103m\u00e2ntul general agricol din Rom\u00e2nia runda 2020<\/a>,<\/strong> <\/span>publicat\u0103 \u00een Monitorul Oficial al Rom\u00e2niei, Partea I, nr.105 din 12 februarie 2020, aprobat\u0103 cu modific\u0103ri \u0219i complet\u0103ri prin Legea nr.177\/2020<\/p>\n\n\n\n<p><a href=\"https:\/\/dajcalarasi.ro\/wp-content\/uploads\/2021\/04\/Hotararea-nr.-1-din-4-noiembrie-2020.pdf\">Hot\u0103r\u00e2rea nr. 1 din 4 noiembrie 2020<\/a>\u00a0emis\u0103 de c\u0103tre Comisia Central\u0103 pentru Recens\u0103m\u00e2ntul General Agricol (CCRGA2020), privind revizurirea calendarului de preg\u0103tire \u0219i efectuare a Recens\u0103m\u00e2ntului General Agricol<\/p>\n\n\n\n<p><a href=\"https:\/\/dajcalarasi.ro\/wp-content\/uploads\/2021\/04\/Hotararea-nr.-1056-din-4-decembrie-2020.pdf\">Hot\u0103r\u00e2rea nr.1056 din 4 decembrie 2020<\/a>\u00a0pentru stabilirea bugetului \u0219i a categoriilor de cheltuieli necesare efectu\u0103rii Recens\u0103m\u00e2ntului General Agricol din Rom\u00e2nia Runda 2020, precum \u0219i a m\u0103surilor privind implementarea unor dispozi\u021bii din\u00a0<a href=\"http:\/\/legislatie.just.ro\/Public\/DetaliiDocumentAfis\/228881\">Ordonan\u021ba de urgen\u021b\u0103 a Guvernului nr. 22\/2020<\/a> privind recens\u0103m\u00e2ntul general agricol din Rom\u00e2nia runda 2020<\/p>\n\n\n\n<p><a href=\"https:\/\/dajcalarasi.ro\/wp-content\/uploads\/2021\/04\/Hotararea-nr.-2-din-30-martie-2021.pdf\" target=\"_blank\" rel=\"noreferrer noopener\"><strong>Hot\u0103r\u00e2rea nr.2\/30 martie 2021 emis\u0103 de c\u0103tre Comisia Central\u0103 pentru Recens\u0103m\u00e2ntul General Agricol (CCRGA2020)<\/strong>\u00a0<\/a>privind \u00eenceperea colect\u0103rii datelor la 10 mai 2021 fa\u021b\u0103 de 1 mai 2021<\/p>\n","protected":false},"excerpt":{"rendered":"<p>Ordonan\u021ba de Urgen\u021b\u0103 a Guvernului nr.22\/2020 privind recens\u0103m\u00e2ntul general agricol din Rom\u00e2nia runda 2020, publicat\u0103 \u00een Monitorul Oficial al Rom\u00e2niei, Partea I, nr.105 din 12 februarie 2020, aprobat\u0103 cu modific\u0103ri \u0219i complet\u0103ri prin Legea nr.177\/2020 Hot\u0103r\u00e2rea nr. 1 din 4 noiembrie 2020\u00a0emis\u0103 de c\u0103tre Comisia Central\u0103 pentru Recens\u0103m\u00e2ntul General Agricol (CCRGA2020), privind revizurirea calendarului de preg\u0103tire \u0219i efectuare a Recens\u0103m\u00e2ntului General Agricol Hot\u0103r\u00e2rea nr.1056 din 4 decembrie 2020\u00a0pentru stabilirea bugetului \u0219i a categoriilor de cheltuieli necesare efectu\u0103rii Recens\u0103m\u00e2ntului General Agricol din Rom\u00e2nia Runda 2020, precum \u0219i a m\u0103surilor privind implementarea unor dispozi\u021bii din\u00a0Ordonan\u021ba de urgen\u021b\u0103 a Guvernului nr. 22\/2020 privind&#8230; <\/p>\n","protected":false},"author":1,"featured_media":0,"parent":410,"menu_order":0,"comment_status":"closed","ping_status":"closed","template":"template-parts\/page-template-full-width.php","meta":{"footnotes":""},"class_list":["post-412","page","type-page","status-publish","hentry"],"_links":{"self":[{"href":"https:\/\/dajcalarasi.ro\/index.php?rest_route=\/wp\/v2\/pages\/412","targetHints":{"allow":["GET"]}}],"collection":[{"href":"https:\/\/dajcalarasi.ro\/index.php?rest_route=\/wp\/v2\/pages"}],"about":[{"href":"https:\/\/dajcalarasi.ro\/index.php?rest_route=\/wp\/v2\/types\/page"}],"author":[{"embeddable":true,"href":"https:\/\/dajcalarasi.ro\/index.php?rest_route=\/wp\/v2\/users\/1"}],"replies":[{"embeddable":true,"href":"https:\/\/dajcalarasi.ro\/index.php?rest_route=%2Fwp%2Fv2%2Fcomments&post=412"}],"version-history":[{"count":7,"href":"https:\/\/dajcalarasi.ro\/index.php?rest_route=\/wp\/v2\/pages\/412\/revisions"}],"predecessor-version":[{"id":423,"href":"https:\/\/dajcalarasi.ro\/index.php?rest_route=\/wp\/v2\/pages\/412\/revisions\/423"}],"up":[{"embeddable":true,"href":"https:\/\/dajcalarasi.ro\/index.php?rest_route=\/wp\/v2\/pages\/410"}],"wp:attachment":[{"href":"https:\/\/dajcalarasi.ro\/index.php?rest_route=%2Fwp%2Fv2%2Fmedia&parent=412"}],"curies":[{"name":"wp","href":"https:\/\/api.w.org\/{rel}","templated":true}]}}