{"id":379,"date":"2021-04-07T12:27:12","date_gmt":"2021-04-07T10:27:12","guid":{"rendered":"https:\/\/dajcalarasi.ro\/?page_id=379"},"modified":"2026-01-28T19:24:41","modified_gmt":"2026-01-28T17:24:41","slug":"formare-profesionala","status":"publish","type":"page","link":"https:\/\/dajcalarasi.ro\/?page_id=379","title":{"rendered":"Formare Profesional\u0103"},"content":{"rendered":"\n<h3 class=\"wp-block-heading\"><strong>Direc\u021bia pentru Agricultur\u0103 Jude\u021bean\u0103 C\u0103l\u0103ra\u0219i<\/strong> organizeaz\u0103 cursuri de calificare autorizate, \u00een meseria de:<\/h3>\n\n\n\n<p><strong>\u25ba <\/strong><strong>Lucr\u0103tor calificat \u00een culturi de c\u00e2mp \u0219i legumicultur\u0103<\/strong><\/p>\n\n\n\n<p><strong>\u25ba <\/strong><strong>Lucr\u0103tor calificat \u00een cre\u0219terea animalelor<\/strong><\/p>\n\n\n\n<p><strong>\u25ba <\/strong><strong>Tractorist agricol<\/strong><\/p>\n\n\n\n<p><strong>\u25ba <\/strong><strong>Combainier agricol<\/strong><\/p>\n\n\n\n<p><strong>\u25ba <\/strong><strong>Pescar \u00een ape interioare \u0219i de coast\u0103<\/strong><\/p>\n\n\n\n<p><strong>\u25ba<\/strong><strong> Apicultor<\/strong><\/p>\n\n\n\n<p><strong>La \u00eenscriere se vor depune urm\u0103toarele documente:<\/strong><\/p>\n\n\n\n<ul class=\"wp-block-list\">\n<li><em>\u00a0Fi\u0219\u0103 de \u00eenscriere;<\/em><\/li>\n\n\n\n<li><em>\u00a0Taxa de \u00eenscriere (600 lei);<\/em><\/li>\n\n\n\n<li><em>\u00a0copie xerox a B. I.\/C.I.;<\/em><\/li>\n\n\n\n<li><em>\u00a0copie xerox a certificatului de na\u015ftere;<\/em><\/li>\n\n\n\n<li><em>copie xerox a actului de studii (minim \u00eenv\u0103\u0163\u0103m\u00e2nt gimnazial \u2013 8 clase);<\/em><\/li>\n<\/ul>\n\n\n\n<p>Valoarea total\u0103 a contractului este de 400 lei, conform ORDIN MADR nr. 284 din 14 octombrie 2021, iar <strong>taxa de eliberare a certificatului de calificare este de 20 lei.<\/strong><em>Durata cursurilor este de 90 de zile (360 de ore, din care 120 h de teorie \u0219i 240 h de practic\u0103).<\/em><\/p>\n\n\n\n<div class=\"wp-block-buttons is-layout-flex wp-block-buttons-is-layout-flex\">\n<div class=\"wp-block-button\"><a class=\"wp-block-button__link wp-element-button\" href=\"https:\/\/dajcalarasi.ro\/wp-content\/uploads\/2026\/01\/fisa-inscriere-curs.odt\">Descarc\u0103 fi\u0219a de \u00eenscriere<\/a><\/div>\n\n\n\n<div class=\"wp-block-button\"><a class=\"wp-block-button__link wp-element-button\" href=\"https:\/\/dajcalarasi.ro\/wp-content\/uploads\/2026\/01\/Acord-prelucrare-date-cu-caracter-personal.docx\">Descarc\u0103 acord de prelucrare a datelor cu caracter personal<\/a><\/div>\n<\/div>\n","protected":false},"excerpt":{"rendered":"<p>Direc\u021bia pentru Agricultur\u0103 Jude\u021bean\u0103 C\u0103l\u0103ra\u0219i organizeaz\u0103 cursuri de calificare autorizate, \u00een meseria de: \u25ba Lucr\u0103tor calificat \u00een culturi de c\u00e2mp \u0219i legumicultur\u0103 \u25ba Lucr\u0103tor calificat \u00een cre\u0219terea animalelor \u25ba Tractorist agricol \u25ba Combainier agricol \u25ba Pescar \u00een ape interioare \u0219i de coast\u0103 \u25ba Apicultor La \u00eenscriere se vor depune urm\u0103toarele documente: Valoarea total\u0103 a contractului este de 400 lei, conform ORDIN MADR nr. 284 din 14 octombrie 2021, iar taxa de eliberare a certificatului de calificare este de 20 lei.Durata cursurilor este de 90 de zile (360 de ore, din care 120 h de teorie \u0219i 240 h de practic\u0103).<\/p>\n","protected":false},"author":1,"featured_media":0,"parent":392,"menu_order":0,"comment_status":"closed","ping_status":"closed","template":"template-parts\/page-template-full-width.php","meta":{"footnotes":""},"class_list":["post-379","page","type-page","status-publish","hentry"],"_links":{"self":[{"href":"https:\/\/dajcalarasi.ro\/index.php?rest_route=\/wp\/v2\/pages\/379","targetHints":{"allow":["GET"]}}],"collection":[{"href":"https:\/\/dajcalarasi.ro\/index.php?rest_route=\/wp\/v2\/pages"}],"about":[{"href":"https:\/\/dajcalarasi.ro\/index.php?rest_route=\/wp\/v2\/types\/page"}],"author":[{"embeddable":true,"href":"https:\/\/dajcalarasi.ro\/index.php?rest_route=\/wp\/v2\/users\/1"}],"replies":[{"embeddable":true,"href":"https:\/\/dajcalarasi.ro\/index.php?rest_route=%2Fwp%2Fv2%2Fcomments&post=379"}],"version-history":[{"count":9,"href":"https:\/\/dajcalarasi.ro\/index.php?rest_route=\/wp\/v2\/pages\/379\/revisions"}],"predecessor-version":[{"id":1142,"href":"https:\/\/dajcalarasi.ro\/index.php?rest_route=\/wp\/v2\/pages\/379\/revisions\/1142"}],"up":[{"embeddable":true,"href":"https:\/\/dajcalarasi.ro\/index.php?rest_route=\/wp\/v2\/pages\/392"}],"wp:attachment":[{"href":"https:\/\/dajcalarasi.ro\/index.php?rest_route=%2Fwp%2Fv2%2Fmedia&parent=379"}],"curies":[{"name":"wp","href":"https:\/\/api.w.org\/{rel}","templated":true}]}}