{"id":1146,"date":"2026-03-30T13:07:19","date_gmt":"2026-03-30T11:07:19","guid":{"rendered":"https:\/\/dajcalarasi.ro\/?page_id=1146"},"modified":"2026-03-30T13:15:21","modified_gmt":"2026-03-30T11:15:21","slug":"protectia-datelorcu-caracter-personal-gdpr","status":"publish","type":"page","link":"https:\/\/dajcalarasi.ro\/?page_id=1146","title":{"rendered":"Protectia datelorcu caracter personal (GDPR)"},"content":{"rendered":"\n<p>&nbsp;<strong>NOT\u0102 DE INFORMARE CU PRIVIRE LA PRELUCRAREA DATELOR CU CARACTER PERSONAL<\/strong><\/p>\n\n\n\n<p>Pentru implementarea Regulamentului Uniunii Europene nr. 2016\/679 din 27 aprilie 2016 privind protec\u0163ia persoanelor fizice \u00een ceea ce prive\u015fte prelucrarea datelor cu caracter personal \u015fi privind libera circula\u0163ie a acestor date \u015fi de abrogare a Directivei 95\/46\/CE (Regulamentul general privind protec\u0163ia datelor), aplicabil \u00eencep\u00e2nd cu data de 25 mai 2018, v\u0103 inform\u0103m c\u0103 prelucrarea datelor cu caracter personal este realizat\u0103 doar pentru scopuri legitime, \u00een func\u0163ie de solicitare, astfel:<\/p>\n\n\n\n<ol class=\"wp-block-list\">\n<li><strong>CE DATE PERSONALE PRELUCR\u0102M?<\/strong><\/li>\n<\/ol>\n\n\n\n<p>Numele \u0219i prenumele, adresa de domiciliu\/sediu, num\u0103rul de telefon, adresa de e-mail, codul numeric personal (CNP) \u0219i, dup\u0103 caz, datele de identificare ale exploata\u021biei agricole.<\/p>\n\n\n\n<ul class=\"wp-block-list\">\n<li><strong>CUM PRELUCR\u0102M DATELE DVS. PERSONALE?<\/strong><\/li>\n<\/ul>\n\n\n\n<p>Prelucrarea datelor cu caracter personal este realizat\u0103 doar prin procesarea datelor de identificare ale solicitantului (nume\/prenume, CNP, domiciliu etc.). Parte din responsabilitatea noastr\u0103 \u00een aceast\u0103 rela\u0163ie este \u015fi modul \u00een care avem grij\u0103 de datele dumneavoastr\u0103 personale pe care ni le-a\u021bi pus la dispozi\u021bie \u015fi cele ob\u0163inute din alte surse.<\/p>\n\n\n\n<ul class=\"wp-block-list\">\n<li><strong>CARE ESTE SCOPUL PRELUCR\u0102RII DATELOR PERSONALE?<\/strong><\/li>\n<\/ul>\n\n\n\n<p>Utiliz\u0103m datele dumneavoastr\u0103 de contact pentru urm\u0103toarele obiective:<\/p>\n\n\n\n<ul class=\"wp-block-list\">\n<li><strong>Gestionarea cererilor de subven\u021bie \u0219i ajutor de stat: <\/strong>Verificarea eligibilit\u0103\u021bii \u0219i procesarea pl\u0103\u021bilor.<\/li>\n\n\n\n<li><strong>Informare \u0219i consultan\u021b\u0103: <\/strong>Transmiterea nout\u0103\u021bilor legislative, a perioadelor de depunere a proiectelor \u0219i a cursurilor de formare profesional\u0103.<\/li>\n\n\n\n<li><strong>Registrul Agricol \u0219i Statistici: <\/strong>Monitorizarea produc\u021biilor agricole \u0219i actualizarea bazei de date a produc\u0103torilor.<\/li>\n\n\n\n<li><strong>Eliberarea certificatelor \u0219i avizelor<\/strong>: Procesarea atestatelor de produc\u0103tor sau a carnetelor de comercializare.<\/li>\n\n\n\n<li><strong>Obliga\u021bii legale: <\/strong>Inspec\u021bii, raport\u0103ri c\u0103tre Ministerul Agriculturii \u0219i Dezvolt\u0103rii Rurale (MADR) sau alte autorit\u0103\u021bi publice (ANAF, APIA, ANIF, ISU, INSTITU\u021aIA PREFECTULUI).<\/li>\n<\/ul>\n\n\n\n<ul class=\"wp-block-list\">\n<li><strong>LEGALITATEA PRELUCR\u0102RII<\/strong><\/li>\n<\/ul>\n\n\n\n<p>Art. 6 din Regulamentul nr. 679\/2016 privind protec\u021bia persoanelor fizice \u00een ceea ce prive\u0219te prelucrarea datelor cu caracter personal \u0219i libera circula\u021bie a acestor date.<\/p>\n\n\n\n<p>Prelucrarea se bazeaz\u0103 pe:<\/p>\n\n\n\n<ol class=\"wp-block-list\">\n<li><strong>\u00cendeplinirea unei obliga\u021bii legale <\/strong>a operatorului.<\/li>\n\n\n\n<li><strong>Executarea unei sarcini care serve\u0219te unui interes public <\/strong>(gestionarea politicilor agricole na\u021bionale).<\/li>\n<\/ol>\n\n\n\n<ul class=\"wp-block-list\">\n<li><strong>CU CE INSTITU\u0162II COLABOR\u0102M PENTRU PRELUCRAREA DATELOR DVS. PERSONALE?<\/strong><\/li>\n<\/ul>\n\n\n\n<p>Datele pot fi comunicate c\u0103tre:<\/p>\n\n\n\n<ul class=\"wp-block-list\">\n<li>Ministerul Agriculturii \u0219i Dezvolt\u0103rii Rurale (MADR).<\/li>\n\n\n\n<li>Agen\u021bia de Pl\u0103\u021bi \u0219i Interven\u021bie pentru Agricultur\u0103 (APIA).<\/li>\n\n\n\n<li>Autorit\u0103\u021bi de control fiscal sau judiciar la cererea acestora sau alte autorit\u0103\u021bi publice (ANAF, APIA, ANIF, ISU, INSTITU\u021aIA PREFECTULUI).<\/li>\n<\/ul>\n\n\n\n<ul class=\"wp-block-list\">\n<li><strong>\u00a0CARE SUNT DREPTURILE DVS.?<\/strong><\/li>\n<\/ul>\n\n\n\n<p>Conform legii, beneficia\u021bi de:<\/p>\n\n\n\n<ul class=\"wp-block-list\">\n<li><strong>Dreptul de acces la datele de\u021binute de noi.<\/strong><\/li>\n\n\n\n<li><strong>Dreptul de rectificare a datelor inexacte.<\/strong><\/li>\n\n\n\n<li><strong>Dreptul de \u0219tergere (\u00een limitele legii, av\u00e2nd \u00een vedere obliga\u021biile de arhivare public\u0103).<\/strong><\/li>\n\n\n\n<li><strong>Dreptul de a v\u0103 opune prelucr\u0103rii \u00een scopuri de informare direct\u0103.<\/strong><\/li>\n<\/ul>\n\n\n\n<p>Pentru exercitarea acestor drepturi v\u0103 pute\u021bi adresa cu o cerere scris\u0103, datat\u0103 \u0219i semnat\u0103 c\u0103tre: Direc\u021bia pentru Agricultur\u0103 Jude\u021bean\u0103 C\u0103l\u0103ra\u0219i, persoanei responsabile cu protec\u021bia datelor (DPO), la adresa de e-mail <a href=\"mailto:dadr@madr.ro\">mailto:dadr@madr.ro<\/a><\/p>\n\n\n\n<p>La nivelul Direc\u021biei pentru Agricultur\u0103 Jude\u021bean\u0103 C\u0103l\u0103ra\u0219i a fost numit responsabilul cu protec\u0163ia datelor personale conform Deciziei Directorului executiv nr.21\/10.03.2026.<\/p>\n\n\n\n<p>Datele de contact ale persoanei responsabile cu protec\u021bia datelor (DPO):<\/p>\n\n\n\n<p>Nume \u0219i prenume: Nica Daniela<\/p>\n\n\n\n<p>Adres\u0103 e-mail: <a href=\"mailto:daniela.nica@madr.ro\">daniela.nica@madr.ro<\/a><\/p>\n\n\n\n<p>Responsabilul pentru Protec\u0163ia Datelor poate fi contactat daca exist\u0103 nel\u0103muriri cu privire la orice aspect ce \u0163ine de protec\u0163ia datelor personale, prin transmiterea unei cereri pe e-mail: dadr.cl@madr.ro sau prin transmiterea unei solicit\u0103ri la sediul nostru situat \u00een C\u0103l\u0103ra\u0219i, Str. Prel. Bucure\u0219ti, nr.26, bl.M21; Tronson 3, etj.1.<\/p>\n\n\n\n<ul class=\"wp-block-list\">\n<li><strong>LEGISLATIE RELEVANT\u0102<\/strong><\/li>\n<\/ul>\n\n\n\n<p><a href=\"https:\/\/dajcalarasi.ro\/wp-content\/uploads\/2026\/03\/regulament_679_2016.pdf\">REGULAMENT nr. 679<\/a> din 27 aprilie 2016 privind protec\u0163ia persoanelor fizice \u00een ceea ce prive\u015fte prelucrarea datelor cu caracter personal \u015fi privind libera circula\u0163ie a acestor date \u015fi de abrogare a Directivei 95\/46\/CE (Regulamentul general privind protec\u0163ia datelor)<\/p>\n\n\n\n<p><a href=\"https:\/\/dajcalarasi.ro\/wp-content\/uploads\/2026\/03\/legea_102_2005__republicata.pdf\">LEGEA NR.102\/2005 <\/a>privind \u00eenfiin\u021barea, organizarea \u0219i func\u021bionarea ANSPDCP precum \u0219i pentru abrogarea Legii 677\/2001 pentru protec\u021bia persoanelor cu privire la prelucrarea datelor cu caracter personal \u0219i libera circula\u021bie a acestor date, republicat\u0103.<\/p>\n\n\n\n<p><a href=\"https:\/\/dajcalarasi.ro\/wp-content\/uploads\/2026\/03\/legea_506_2004.pdf\">LEGEA nr. 506\/2004<\/a> privind prelucrarea datelor cu caracter personal \u015fi protec\u0163ia vie\u0163ii private \u00een sectorul comunica\u0163iilor electronice<\/p>\n\n\n\n<p><a href=\"https:\/\/dajcalarasi.ro\/wp-content\/uploads\/2026\/03\/legea_682_2001.pdf\">Legea nr. 682\/2001<\/a> privind ratificarea Conven\u0163iei pentru protejarea persoanelor fa\u0163\u0103 de prelucrarea automatizat\u0103 a datelor cu caracter personal, adoptat\u0103 la Strasbourg la 28 ianuarie 1981, cu modific\u0103rile \u0219i complet\u0103rile ulterioare.<\/p>\n\n\n\n<p><a href=\"https:\/\/dajcalarasi.ro\/wp-content\/uploads\/2026\/03\/decizia_128-2018.pdf\">Decizia nr. 128\/2018<\/a> privind aprobarea formularului tipizat al notific\u0103rii de \u00eenc\u0103lcare a securit\u0103\u0163ii datelor cu caracter personal \u00een conformitate cu Regulamentul (UE) 2016\/679 privind protec\u0163ia persoanelor fizice \u00een ceea ce prive\u015fte prelucrarea datelor cu caracter personal \u015fi privind libera circula\u0163ie a acestor date \u015fi de abrogare a Directivei 95\/46\/CE<\/p>\n\n\n\n<p><a href=\"https:\/\/dajcalarasi.ro\/wp-content\/uploads\/2026\/03\/decizia_133_2018.pdf\">Decizia nr. 133<\/a> din 3 iulie 2018 privind aprobarea Procedurii de primire \u0219i solu\u021bionare a pl\u00e2ngerilor<\/p>\n\n\n\n<ul class=\"wp-block-list\">\n<li><strong>LINK-uri UTILE<\/strong><\/li>\n\n\n\n<li><a href=\"https:\/\/www.dataprotection.ro\/\">Autoritatea Na\u0163ional\u0103 de Supraveghere a Prelucr\u0103rii Datelor cu Caracter Personal (ANSPDCP)<\/a><\/li>\n\n\n\n<li><a href=\"https:\/\/www.edps.europa.eu\/_en\">Autoritatea European\u0103 pentru Protec\u021bia Datelor (AEPD)<\/a><\/li>\n\n\n\n<li><a href=\"https:\/\/www.edpb.europa.eu\/\">Comitetul European pentru Protec\u021bia Datelor<\/a><\/li>\n\n\n\n<li><a href=\"https:\/\/commission.europa.eu\/law\/law-topic\/data-protection_en\">Comisia European\u0103<\/a><\/li>\n<\/ul>\n\n\n\n<hr class=\"wp-block-separator has-alpha-channel-opacity\"\/>\n\n\n\n<div class=\"wp-block-file\"><a id=\"wp-block-file--media-ab1897c3-c5a3-4eb8-baaa-2ba8727c3596\" href=\"https:\/\/dajcalarasi.ro\/wp-content\/uploads\/2026\/03\/ghid_rgpd_ultima_varianta.pdf\">ghid_GDPR<\/a><a href=\"https:\/\/dajcalarasi.ro\/wp-content\/uploads\/2026\/03\/ghid_rgpd_ultima_varianta.pdf\" class=\"wp-block-file__button wp-element-button\" download aria-describedby=\"wp-block-file--media-ab1897c3-c5a3-4eb8-baaa-2ba8727c3596\">Descarc\u0103<\/a><\/div>\n\n\n\n<div class=\"wp-block-file\"><a id=\"wp-block-file--media-a4029ffd-0454-4a38-b3ab-792847507456\" href=\"https:\/\/dajcalarasi.ro\/wp-content\/uploads\/2026\/03\/regulament_679_2016.pdf\">regulament_679_2016<\/a><a href=\"https:\/\/dajcalarasi.ro\/wp-content\/uploads\/2026\/03\/regulament_679_2016.pdf\" class=\"wp-block-file__button wp-element-button\" download aria-describedby=\"wp-block-file--media-a4029ffd-0454-4a38-b3ab-792847507456\">Descarc\u0103<\/a><\/div>\n\n\n\n<div class=\"wp-block-file\"><a id=\"wp-block-file--media-e6d92fa4-ad58-4022-a752-a8be544becfc\" href=\"https:\/\/dajcalarasi.ro\/wp-content\/uploads\/2026\/03\/Cerere-privind-exercitarea-dreptului-la-acces.pdf\">Cerere privind exercitarea dreptului la acces<\/a><a href=\"https:\/\/dajcalarasi.ro\/wp-content\/uploads\/2026\/03\/Cerere-privind-exercitarea-dreptului-la-acces.pdf\" class=\"wp-block-file__button wp-element-button\" download aria-describedby=\"wp-block-file--media-e6d92fa4-ad58-4022-a752-a8be544becfc\">Descarc\u0103<\/a><\/div>\n\n\n\n<div class=\"wp-block-file\"><a id=\"wp-block-file--media-83872e0e-bf2e-466c-b27b-c479cd1f220f\" href=\"https:\/\/dajcalarasi.ro\/wp-content\/uploads\/2026\/03\/Cerere-privind-exercitarea-dreptului-la-opozitie.pdf\">Cerere privind exercitarea dreptului la opozitie<\/a><a href=\"https:\/\/dajcalarasi.ro\/wp-content\/uploads\/2026\/03\/Cerere-privind-exercitarea-dreptului-la-opozitie.pdf\" class=\"wp-block-file__button wp-element-button\" download aria-describedby=\"wp-block-file--media-83872e0e-bf2e-466c-b27b-c479cd1f220f\">Descarc\u0103<\/a><\/div>\n\n\n\n<div class=\"wp-block-file\"><a id=\"wp-block-file--media-16277e0d-40aa-45ef-adf9-812e3938faa5\" href=\"https:\/\/dajcalarasi.ro\/wp-content\/uploads\/2026\/03\/Cerere-privind-exercitarea-dreptului-la-restrictionare.pdf\">Cerere privind exercitarea dreptului la restrictionare<\/a><a href=\"https:\/\/dajcalarasi.ro\/wp-content\/uploads\/2026\/03\/Cerere-privind-exercitarea-dreptului-la-restrictionare.pdf\" class=\"wp-block-file__button wp-element-button\" download aria-describedby=\"wp-block-file--media-16277e0d-40aa-45ef-adf9-812e3938faa5\">Descarc\u0103<\/a><\/div>\n\n\n\n<div class=\"wp-block-file\"><a id=\"wp-block-file--media-3beda990-951b-446c-919d-2162ebdeaf14\" href=\"https:\/\/dajcalarasi.ro\/wp-content\/uploads\/2026\/03\/Cerere-privind-exercitarea-dreptului-la-stergere.pdf\">Cerere privind exercitarea dreptului la stergere<\/a><a href=\"https:\/\/dajcalarasi.ro\/wp-content\/uploads\/2026\/03\/Cerere-privind-exercitarea-dreptului-la-stergere.pdf\" class=\"wp-block-file__button wp-element-button\" download aria-describedby=\"wp-block-file--media-3beda990-951b-446c-919d-2162ebdeaf14\">Descarc\u0103<\/a><\/div>\n","protected":false},"excerpt":{"rendered":"<p>&nbsp;NOT\u0102 DE INFORMARE CU PRIVIRE LA PRELUCRAREA DATELOR CU CARACTER PERSONAL Pentru implementarea Regulamentului Uniunii Europene nr. 2016\/679 din 27 aprilie 2016 privind protec\u0163ia persoanelor fizice \u00een ceea ce prive\u015fte prelucrarea datelor cu caracter personal \u015fi privind libera circula\u0163ie a acestor date \u015fi de abrogare a Directivei 95\/46\/CE (Regulamentul general privind protec\u0163ia datelor), aplicabil \u00eencep\u00e2nd cu data de 25 mai 2018, v\u0103 inform\u0103m c\u0103 prelucrarea datelor cu caracter personal este realizat\u0103 doar pentru scopuri legitime, \u00een func\u0163ie de solicitare, astfel: Numele \u0219i prenumele, adresa de domiciliu\/sediu, num\u0103rul de telefon, adresa de e-mail, codul numeric personal (CNP) \u0219i, dup\u0103 caz, datele&#8230; <\/p>\n","protected":false},"author":1,"featured_media":0,"parent":0,"menu_order":0,"comment_status":"closed","ping_status":"closed","template":"","meta":{"footnotes":""},"class_list":["post-1146","page","type-page","status-publish","hentry"],"_links":{"self":[{"href":"https:\/\/dajcalarasi.ro\/index.php?rest_route=\/wp\/v2\/pages\/1146","targetHints":{"allow":["GET"]}}],"collection":[{"href":"https:\/\/dajcalarasi.ro\/index.php?rest_route=\/wp\/v2\/pages"}],"about":[{"href":"https:\/\/dajcalarasi.ro\/index.php?rest_route=\/wp\/v2\/types\/page"}],"author":[{"embeddable":true,"href":"https:\/\/dajcalarasi.ro\/index.php?rest_route=\/wp\/v2\/users\/1"}],"replies":[{"embeddable":true,"href":"https:\/\/dajcalarasi.ro\/index.php?rest_route=%2Fwp%2Fv2%2Fcomments&post=1146"}],"version-history":[{"count":4,"href":"https:\/\/dajcalarasi.ro\/index.php?rest_route=\/wp\/v2\/pages\/1146\/revisions"}],"predecessor-version":[{"id":1166,"href":"https:\/\/dajcalarasi.ro\/index.php?rest_route=\/wp\/v2\/pages\/1146\/revisions\/1166"}],"wp:attachment":[{"href":"https:\/\/dajcalarasi.ro\/index.php?rest_route=%2Fwp%2Fv2%2Fmedia&parent=1146"}],"curies":[{"name":"wp","href":"https:\/\/api.w.org\/{rel}","templated":true}]}}